{"id":1023,"date":"2021-09-03T12:43:00","date_gmt":"2021-09-03T10:43:00","guid":{"rendered":"http:\/\/spab-rice.com\/wordpress\/mogi\/demo\/?page_id=1023"},"modified":"2023-10-05T15:02:53","modified_gmt":"2023-10-05T13:02:53","slug":"about","status":"publish","type":"page","link":"https:\/\/jazirmusic.com\/index.php\/about\/","title":{"rendered":"About"},"content":{"rendered":"\t\t<div data-elementor-type=\"wp-page\" data-elementor-id=\"1023\" class=\"elementor elementor-1023\">\n\t\t\t\t\t\t\t\t\t<section class=\"elementor-section elementor-top-section elementor-element elementor-element-64caf8c elementor-section-content-middle elementor-section-boxed elementor-section-height-default elementor-section-height-default\" data-id=\"64caf8c\" data-element_type=\"section\">\n\t\t\t\t\t\t<div class=\"elementor-container elementor-column-gap-no\">\n\t\t\t\t\t<div class=\"elementor-column elementor-col-100 elementor-top-column elementor-element elementor-element-895321e\" data-id=\"895321e\" data-element_type=\"column\">\n\t\t\t<div class=\"elementor-widget-wrap elementor-element-populated\">\n\t\t\t\t\t\t\t\t<div class=\"elementor-element elementor-element-734868e elementor-widget elementor-widget-image\" data-id=\"734868e\" data-element_type=\"widget\" data-widget_type=\"image.default\">\n\t\t\t\t<div class=\"elementor-widget-container\">\n\t\t\t<style>\/*! elementor - v3.15.0 - 20-08-2023 *\/\n.elementor-widget-image{text-align:center}.elementor-widget-image a{display:inline-block}.elementor-widget-image a img[src$=\".svg\"]{width:48px}.elementor-widget-image img{vertical-align:middle;display:inline-block}<\/style>\t\t\t\t\t\t\t\t\t\t\t\t<img decoding=\"async\" width=\"768\" height=\"283\" src=\"https:\/\/jazirmusic.com\/wp-content\/uploads\/2023\/08\/Jazir-1-768x283.png\" class=\"attachment-medium_large size-medium_large wp-image-2863\" alt=\"\" srcset=\"https:\/\/jazirmusic.com\/wp-content\/uploads\/2023\/08\/Jazir-1-768x283.png 768w, https:\/\/jazirmusic.com\/wp-content\/uploads\/2023\/08\/Jazir-1-300x111.png 300w, https:\/\/jazirmusic.com\/wp-content\/uploads\/2023\/08\/Jazir-1-1024x377.png 1024w, https:\/\/jazirmusic.com\/wp-content\/uploads\/2023\/08\/Jazir-1-1536x566.png 1536w, https:\/\/jazirmusic.com\/wp-content\/uploads\/2023\/08\/Jazir-1-2048x755.png 2048w, https:\/\/jazirmusic.com\/wp-content\/uploads\/2023\/08\/Jazir-1-150x55.png 150w, https:\/\/jazirmusic.com\/wp-content\/uploads\/2023\/08\/Jazir-1-320x118.png 320w, https:\/\/jazirmusic.com\/wp-content\/uploads\/2023\/08\/Jazir-1-640x236.png 640w, https:\/\/jazirmusic.com\/wp-content\/uploads\/2023\/08\/Jazir-1-960x354.png 960w, https:\/\/jazirmusic.com\/wp-content\/uploads\/2023\/08\/Jazir-1-1280x472.png 1280w, https:\/\/jazirmusic.com\/wp-content\/uploads\/2023\/08\/Jazir-1-1680x619.png 1680w\" sizes=\"(max-width: 768px) 100vw, 768px\" \/>\t\t\t\t\t\t\t\t\t\t\t\t\t\t\t<\/div>\n\t\t\t\t<\/div>\n\t\t\t\t<div class=\"elementor-element elementor-element-98b35c9 elementor-widget elementor-widget-text-editor\" data-id=\"98b35c9\" data-element_type=\"widget\" data-widget_type=\"text-editor.default\">\n\t\t\t\t<div class=\"elementor-widget-container\">\n\t\t\t<style>\/*! elementor - v3.15.0 - 20-08-2023 *\/\n.elementor-widget-text-editor.elementor-drop-cap-view-stacked .elementor-drop-cap{background-color:#69727d;color:#fff}.elementor-widget-text-editor.elementor-drop-cap-view-framed .elementor-drop-cap{color:#69727d;border:3px solid;background-color:transparent}.elementor-widget-text-editor:not(.elementor-drop-cap-view-default) .elementor-drop-cap{margin-top:8px}.elementor-widget-text-editor:not(.elementor-drop-cap-view-default) .elementor-drop-cap-letter{width:1em;height:1em}.elementor-widget-text-editor .elementor-drop-cap{float:left;text-align:center;line-height:1;font-size:50px}.elementor-widget-text-editor .elementor-drop-cap-letter{display:inline-block}<\/style>\t\t\t\t<p>Compositeur et ing\u00e9nieur du son. Cr\u00e9ation de musique originale et d&#8217;habillage sonore.<\/p><p>Ici vous avez la possibilit\u00e9 d&#8217;\u00e9couter quelques cr\u00e9ations.<\/p><p>Dans la cat\u00e9gorie &#8220;Personal&#8221; vous trouverez les collaborations artistiques et dans la cat\u00e9gorie &#8220;Commercial&#8221; , les compositions \u00e0 l\u2019image.<\/p>\t\t\t\t\t\t<\/div>\n\t\t\t\t<\/div>\n\t\t\t\t<div class=\"elementor-element elementor-element-41b1142 elementor-widget elementor-widget-spacer\" data-id=\"41b1142\" data-element_type=\"widget\" data-widget_type=\"spacer.default\">\n\t\t\t\t<div class=\"elementor-widget-container\">\n\t\t\t<style>\/*! elementor - v3.15.0 - 20-08-2023 *\/\n.elementor-column .elementor-spacer-inner{height:var(--spacer-size)}.e-con{--container-widget-width:100%}.e-con-inner>.elementor-widget-spacer,.e-con>.elementor-widget-spacer{width:var(--container-widget-width,var(--spacer-size));--align-self:var(--container-widget-align-self,initial);--flex-shrink:0}.e-con-inner>.elementor-widget-spacer>.elementor-widget-container,.e-con-inner>.elementor-widget-spacer>.elementor-widget-container>.elementor-spacer,.e-con>.elementor-widget-spacer>.elementor-widget-container,.e-con>.elementor-widget-spacer>.elementor-widget-container>.elementor-spacer{height:100%}.e-con-inner>.elementor-widget-spacer>.elementor-widget-container>.elementor-spacer>.elementor-spacer-inner,.e-con>.elementor-widget-spacer>.elementor-widget-container>.elementor-spacer>.elementor-spacer-inner{height:var(--container-widget-height,var(--spacer-size))}<\/style>\t\t<div class=\"elementor-spacer\">\n\t\t\t<div class=\"elementor-spacer-inner\"><\/div>\n\t\t<\/div>\n\t\t\t\t<\/div>\n\t\t\t\t<\/div>\n\t\t\t\t<div class=\"elementor-element elementor-element-083d547 elementor-widget elementor-widget-text-editor\" data-id=\"083d547\" data-element_type=\"widget\" data-widget_type=\"text-editor.default\">\n\t\t\t\t<div class=\"elementor-widget-container\">\n\t\t\t\t\t\t\t<h6>Selected clients<\/h6>\t\t\t\t\t\t<\/div>\n\t\t\t\t<\/div>\n\t\t\t\t<div class=\"elementor-element elementor-element-af381a1 elementor-widget elementor-widget-text-editor\" data-id=\"af381a1\" data-element_type=\"widget\" data-widget_type=\"text-editor.default\">\n\t\t\t\t<div class=\"elementor-widget-container\">\n\t\t\t\t\t\t\t<p>Mad<br \/>R\u00e9my Martin<br \/>Madame Figaro<br \/>Lacoste<br \/>Tinder France<\/p>\t\t\t\t\t\t<\/div>\n\t\t\t\t<\/div>\n\t\t\t\t<div class=\"elementor-element elementor-element-0a6e76a elementor-widget elementor-widget-text-editor\" data-id=\"0a6e76a\" data-element_type=\"widget\" data-widget_type=\"text-editor.default\">\n\t\t\t\t<div class=\"elementor-widget-container\">\n\t\t\t\t\t\t\t<h6>&#8211;<\/h6>\t\t\t\t\t\t<\/div>\n\t\t\t\t<\/div>\n\t\t\t\t<div class=\"elementor-element elementor-element-c83d987 elementor-widget elementor-widget-text-editor\" data-id=\"c83d987\" data-element_type=\"widget\" data-widget_type=\"text-editor.default\">\n\t\t\t\t<div class=\"elementor-widget-container\">\n\t\t\t\t\t\t\t<h6>Selected press<\/h6>\t\t\t\t\t\t<\/div>\n\t\t\t\t<\/div>\n\t\t\t\t<div class=\"elementor-element elementor-element-0b9f795 elementor-widget elementor-widget-text-editor\" data-id=\"0b9f795\" data-element_type=\"widget\" data-widget_type=\"text-editor.default\">\n\t\t\t\t<div class=\"elementor-widget-container\">\n\t\t\t\t\t\t\t<p><a href=\"https:\/\/cimer.media\/tema-jazir-lean-chihiro-hardwork\/\">Cimer Media (1)<\/a><br \/><a href=\"https:\/\/kodd-magazine.com\/hardwork-le-clip-de-jazir-lean-chihiro\/33092\/\">Kood Magazine<\/a><br \/><a href=\"https:\/\/www.indiemusic.fr\/jazir-endless-night\/\">Indie Music<\/a><br \/><a href=\"https:\/\/www.europe2.fr\/musique\/jazir-endless-night-son-premier-clip-tout-en-sensualite-devoile-32906.html\">Europe 2<\/a><br \/><a href=\"https:\/\/cimer.media\/tema-jazir-nelick-la-couleur-des-ames\/\">Cimer Media (2)<\/a><br \/><a href=\"https:\/\/www.fubiz.net\/tv\/jazir-x-major-endless-night\/\">Fubiz<\/a><\/p>\t\t\t\t\t\t<\/div>\n\t\t\t\t<\/div>\n\t\t\t\t<div class=\"elementor-element elementor-element-4f5f4bf elementor-widget elementor-widget-spacer\" data-id=\"4f5f4bf\" data-element_type=\"widget\" data-widget_type=\"spacer.default\">\n\t\t\t\t<div class=\"elementor-widget-container\">\n\t\t\t\t\t<div class=\"elementor-spacer\">\n\t\t\t<div class=\"elementor-spacer-inner\"><\/div>\n\t\t<\/div>\n\t\t\t\t<\/div>\n\t\t\t\t<\/div>\n\t\t\t\t<div class=\"elementor-element elementor-element-3100c0f responsive-align-center elementor-widget elementor-widget-sr-widget-button\" data-id=\"3100c0f\" data-element_type=\"widget\" data-widget_type=\"sr-widget-button.default\">\n\t\t\t\t<div class=\"elementor-widget-container\">\n\t\t\t<a href=\"https:\/\/jazirmusic.com\/index.php\/contact\/\" class=\"sr-button underline style-theme button-huge\" target=\"\"><span class=\"text\">Let's talk about your project !<\/span><span class=\"icon arrow\"><svg xmlns=\"http:\/\/www.w3.org\/2000\/svg\" viewBox=\"0 0 24 24\"><polygon class=\"st0\" points=\"21.4,12 19.9,10.4 19.9,10.4 11.8,2.4 10.3,4 17.2,10.9 3,10.9 3,13.1 17.2,13.1 10.3,20 11.8,21.6 \n\t19.9,13.6 19.9,13.6 \"\/><\/svg><\/span><\/a>\t\t<\/div>\n\t\t\t\t<\/div>\n\t\t\t\t\t<\/div>\n\t\t<\/div>\n\t\t\t\t\t\t\t<\/div>\n\t\t<\/section>\n\t\t\t\t\t\t\t<\/div>\n\t\t","protected":false},"excerpt":{"rendered":"<p>Compositeur et ing\u00e9nieur du son. Cr\u00e9ation de musique originale et d&#8217;habillage sonore. Ici vous avez la possibilit\u00e9 d&#8217;\u00e9couter quelques cr\u00e9ations. Dans la cat\u00e9gorie &#8220;Personal&#8221; vous trouverez les collaborations artistiques et dans la cat\u00e9gorie &#8220;Commercial&#8221; , les compositions \u00e0 l\u2019image. Selected clients MadR\u00e9my MartinMadame FigaroLacosteTinder France &#8211; Selected press Cimer Media (1)Kood MagazineIndie MusicEurope 2Cimer Media [&hellip;]<\/p>\n","protected":false},"author":2,"featured_media":0,"parent":0,"menu_order":0,"comment_status":"closed","ping_status":"closed","template":"","meta":{"footnotes":""},"class_list":["post-1023","page","type-page","status-publish","hentry","isotope-item"],"_links":{"self":[{"href":"https:\/\/jazirmusic.com\/index.php\/wp-json\/wp\/v2\/pages\/1023","targetHints":{"allow":["GET"]}}],"collection":[{"href":"https:\/\/jazirmusic.com\/index.php\/wp-json\/wp\/v2\/pages"}],"about":[{"href":"https:\/\/jazirmusic.com\/index.php\/wp-json\/wp\/v2\/types\/page"}],"author":[{"embeddable":true,"href":"https:\/\/jazirmusic.com\/index.php\/wp-json\/wp\/v2\/users\/2"}],"replies":[{"embeddable":true,"href":"https:\/\/jazirmusic.com\/index.php\/wp-json\/wp\/v2\/comments?post=1023"}],"version-history":[{"count":85,"href":"https:\/\/jazirmusic.com\/index.php\/wp-json\/wp\/v2\/pages\/1023\/revisions"}],"predecessor-version":[{"id":3038,"href":"https:\/\/jazirmusic.com\/index.php\/wp-json\/wp\/v2\/pages\/1023\/revisions\/3038"}],"wp:attachment":[{"href":"https:\/\/jazirmusic.com\/index.php\/wp-json\/wp\/v2\/media?parent=1023"}],"curies":[{"name":"wp","href":"https:\/\/api.w.org\/{rel}","templated":true}]}}